{"id":10,"date":"2021-11-14T17:44:00","date_gmt":"2021-11-14T17:44:00","guid":{"rendered":"https:\/\/helluland-guesthouse.is\/?page_id=10"},"modified":"2022-05-31T15:39:31","modified_gmt":"2022-05-31T15:39:31","slug":"kontakt","status":"publish","type":"page","link":"https:\/\/helluland.is\/?page_id=10","title":{"rendered":"Contact"},"content":{"rendered":"<p>Do you have any further questions? Can we assist you with special plans? Are you looking for a place for a longer stay, groups or special events? Feel free to contact us, we are happy to help you!<\/p>\r\n<p style=\"text-align: center;\">Helluland Guesthouse<br \/>Helluland<br \/>551 Sau\u00f0\u00e1rkr\u00f3kur<\/p>\r\n<p style=\"text-align: center;\">phone: +354 780 2034<br \/><a href=\"mailto:info@helluland.is\" target=\"_blank\" rel=\"noopener\">info@helluland.is<\/a><\/p>\r\n\r\n<p><img loading=\"lazy\" decoding=\"async\" class=\"size-medium wp-image-47 aligncenter\" src=\"https:\/\/helluland-guesthouse.is\/wp-content\/uploads\/2021\/10\/cropped-cropped-210725_helluland_Final-scaled-2-300x141.jpg\" alt=\"\" width=\"300\" height=\"141\" srcset=\"https:\/\/helluland.is\/wp-content\/uploads\/2021\/10\/cropped-cropped-210725_helluland_Final-scaled-2-300x141.jpg 300w, https:\/\/helluland.is\/wp-content\/uploads\/2021\/10\/cropped-cropped-210725_helluland_Final-scaled-2.jpg 533w\" sizes=\"auto, (max-width: 300px) 100vw, 300px\" \/><\/p>\r\n<p>&nbsp;<\/p>\r\n<p style=\"text-align: center;\">\u00a0<\/p>\r\n","protected":false},"excerpt":{"rendered":"<p>Do you have any further questions? Can we assist you with special plans? Are you looking for a place for a longer stay, groups or special events? Feel free to contact us, we are happy to help you! Helluland GuesthouseHelluland551 Sau\u00f0\u00e1rkr\u00f3kur phone: +354 780 2034info@helluland.is &nbsp; \u00a0<\/p>\n","protected":false},"author":1,"featured_media":198,"parent":8,"menu_order":0,"comment_status":"closed","ping_status":"closed","template":"","meta":{"pgc_sgb_lightbox_settings":"","footnotes":""},"class_list":["post-10","page","type-page","status-publish","has-post-thumbnail","hentry"],"_links":{"self":[{"href":"https:\/\/helluland.is\/index.php?rest_route=\/wp\/v2\/pages\/10","targetHints":{"allow":["GET"]}}],"collection":[{"href":"https:\/\/helluland.is\/index.php?rest_route=\/wp\/v2\/pages"}],"about":[{"href":"https:\/\/helluland.is\/index.php?rest_route=\/wp\/v2\/types\/page"}],"author":[{"embeddable":true,"href":"https:\/\/helluland.is\/index.php?rest_route=\/wp\/v2\/users\/1"}],"replies":[{"embeddable":true,"href":"https:\/\/helluland.is\/index.php?rest_route=%2Fwp%2Fv2%2Fcomments&post=10"}],"version-history":[{"count":30,"href":"https:\/\/helluland.is\/index.php?rest_route=\/wp\/v2\/pages\/10\/revisions"}],"predecessor-version":[{"id":270,"href":"https:\/\/helluland.is\/index.php?rest_route=\/wp\/v2\/pages\/10\/revisions\/270"}],"up":[{"embeddable":true,"href":"https:\/\/helluland.is\/index.php?rest_route=\/wp\/v2\/pages\/8"}],"wp:featuredmedia":[{"embeddable":true,"href":"https:\/\/helluland.is\/index.php?rest_route=\/wp\/v2\/media\/198"}],"wp:attachment":[{"href":"https:\/\/helluland.is\/index.php?rest_route=%2Fwp%2Fv2%2Fmedia&parent=10"}],"curies":[{"name":"wp","href":"https:\/\/api.w.org\/{rel}","templated":true}]}}