{"id":71,"date":"2021-11-14T18:05:38","date_gmt":"2021-11-14T18:05:38","guid":{"rendered":"https:\/\/helluland-guesthouse.is\/?page_id=71"},"modified":"2024-08-05T17:10:02","modified_gmt":"2024-08-05T17:10:02","slug":"relax","status":"publish","type":"page","link":"https:\/\/helluland.is\/?page_id=71","title":{"rendered":"Enjoy"},"content":{"rendered":"<p>Skagafjord is dedicated to the icelandic horse and you can find several well known studs here. In autumn the horses are collected down from the highland and the Laufsk\u00e1lar\u00e9tt is happening, maybe the largest horse roundup in Iceland. A once in a lifetime experience and worth to visit!<\/p>\n<p>So come and meet the unique icelandic horse. At Helluland or neighbors Luka and Andr\u00e9s at <a href=\"https:\/\/www.icelandhorsetours.de\/en\/\" target=\"_blank\" rel=\"noopener\">icelandhorsetours<\/a> offer horse tours for everyone, no matter if beginner or expert, a 1-hour-tour or a multi-day-ride.<\/p>\n<p>Apart from horses there are lots of other things to do. Learn about the <a href=\"https:\/\/1238.is\/\" target=\"_blank\" rel=\"noopener\">icelandic history<\/a> or the fragile <a href=\"https:\/\/www.facebook.com\/puffinandfriends\/\" target=\"_blank\" rel=\"noopener\">arctic nature<\/a>, have a <a href=\"https:\/\/www.facebook.com\/askaffi.is\" target=\"_blank\" rel=\"noopener\">nice cup of coffee<\/a> in one of our caf\u00e9s or taste <a href=\"https:\/\/www.facebook.com\/srbakari\/\" target=\"_blank\" rel=\"noopener\">icelandic pastries<\/a>, go fishing, soak in a <a href=\"https:\/\/www.facebook.com\/reykirgrettislaug\/\" target=\"_blank\" rel=\"noopener\">hot pot<\/a> or visit the wonderful <a href=\"https:\/\/sundlaugar.is\/en\/sundlaugar\/hofsos\/\" target=\"_blank\" rel=\"noopener\">swimmingpool of Hofs\u00f3s<\/a>, just to mention a few things.<\/p>\n<p>During wintertime the ski area of <a href=\"https:\/\/skitindastoll.is\/\" target=\"_blank\" rel=\"noopener\">Tindast\u00f3ll<\/a> invites you to visit or book a cross country ski tour in the mountains of Tr\u00f6llaskagi.<\/p>\n<div id='gallery-1' class='gallery galleryid-71 gallery-columns-4 gallery-size-thumbnail'><figure class='gallery-item'>\n\t\t\t<div class='gallery-icon landscape'>\n\t\t\t\t<a href='https:\/\/helluland.is\/wp-content\/uploads\/2022\/01\/20200814_094222.jpeg'><img loading=\"lazy\" decoding=\"async\" width=\"150\" height=\"150\" src=\"https:\/\/helluland.is\/wp-content\/uploads\/2022\/01\/20200814_094222-150x150.jpeg\" class=\"attachment-thumbnail size-thumbnail\" alt=\"\" srcset=\"https:\/\/helluland.is\/wp-content\/uploads\/2022\/01\/20200814_094222-150x150.jpeg 150w, https:\/\/helluland.is\/wp-content\/uploads\/2022\/01\/20200814_094222-300x300.jpeg 300w, https:\/\/helluland.is\/wp-content\/uploads\/2022\/01\/20200814_094222-1024x1024.jpeg 1024w, https:\/\/helluland.is\/wp-content\/uploads\/2022\/01\/20200814_094222-768x767.jpeg 768w, https:\/\/helluland.is\/wp-content\/uploads\/2022\/01\/20200814_094222-1140x1139.jpeg 1140w, https:\/\/helluland.is\/wp-content\/uploads\/2022\/01\/20200814_094222-75x75.jpeg 75w, https:\/\/helluland.is\/wp-content\/uploads\/2022\/01\/20200814_094222.jpeg 1160w\" sizes=\"auto, (max-width: 150px) 100vw, 150px\" \/><\/a>\n\t\t\t<\/div><\/figure><figure class='gallery-item'>\n\t\t\t<div class='gallery-icon portrait'>\n\t\t\t\t<a href='https:\/\/helluland.is\/wp-content\/uploads\/2022\/01\/45-rotated.jpg'><img loading=\"lazy\" decoding=\"async\" width=\"150\" height=\"150\" src=\"https:\/\/helluland.is\/wp-content\/uploads\/2022\/01\/45-150x150.jpg\" class=\"attachment-thumbnail size-thumbnail\" alt=\"\" srcset=\"https:\/\/helluland.is\/wp-content\/uploads\/2022\/01\/45-150x150.jpg 150w, https:\/\/helluland.is\/wp-content\/uploads\/2022\/01\/45-300x300.jpg 300w, https:\/\/helluland.is\/wp-content\/uploads\/2022\/01\/45-75x75.jpg 75w\" sizes=\"auto, (max-width: 150px) 100vw, 150px\" \/><\/a>\n\t\t\t<\/div><\/figure><figure class='gallery-item'>\n\t\t\t<div class='gallery-icon landscape'>\n\t\t\t\t<a href='https:\/\/helluland.is\/wp-content\/uploads\/2022\/01\/20.jpg'><img loading=\"lazy\" decoding=\"async\" width=\"150\" height=\"150\" src=\"https:\/\/helluland.is\/wp-content\/uploads\/2022\/01\/20-150x150.jpg\" class=\"attachment-thumbnail size-thumbnail\" alt=\"\" srcset=\"https:\/\/helluland.is\/wp-content\/uploads\/2022\/01\/20-150x150.jpg 150w, https:\/\/helluland.is\/wp-content\/uploads\/2022\/01\/20-300x300.jpg 300w, https:\/\/helluland.is\/wp-content\/uploads\/2022\/01\/20-1024x1024.jpg 1024w, https:\/\/helluland.is\/wp-content\/uploads\/2022\/01\/20-768x768.jpg 768w, https:\/\/helluland.is\/wp-content\/uploads\/2022\/01\/20-1536x1536.jpg 1536w, https:\/\/helluland.is\/wp-content\/uploads\/2022\/01\/20-1140x1140.jpg 1140w, https:\/\/helluland.is\/wp-content\/uploads\/2022\/01\/20-75x75.jpg 75w, https:\/\/helluland.is\/wp-content\/uploads\/2022\/01\/20.jpg 2048w\" sizes=\"auto, (max-width: 150px) 100vw, 150px\" \/><\/a>\n\t\t\t<\/div><\/figure><figure class='gallery-item'>\n\t\t\t<div class='gallery-icon portrait'>\n\t\t\t\t<a href='https:\/\/helluland.is\/wp-content\/uploads\/2022\/01\/6.jpeg'><img loading=\"lazy\" decoding=\"async\" width=\"150\" height=\"150\" src=\"https:\/\/helluland.is\/wp-content\/uploads\/2022\/01\/6-150x150.jpeg\" class=\"attachment-thumbnail size-thumbnail\" alt=\"\" srcset=\"https:\/\/helluland.is\/wp-content\/uploads\/2022\/01\/6-150x150.jpeg 150w, https:\/\/helluland.is\/wp-content\/uploads\/2022\/01\/6-300x300.jpeg 300w, https:\/\/helluland.is\/wp-content\/uploads\/2022\/01\/6-1024x1024.jpeg 1024w, https:\/\/helluland.is\/wp-content\/uploads\/2022\/01\/6-768x768.jpeg 768w, https:\/\/helluland.is\/wp-content\/uploads\/2022\/01\/6-1536x1536.jpeg 1536w, https:\/\/helluland.is\/wp-content\/uploads\/2022\/01\/6-1140x1141.jpeg 1140w, https:\/\/helluland.is\/wp-content\/uploads\/2022\/01\/6-75x75.jpeg 75w, https:\/\/helluland.is\/wp-content\/uploads\/2022\/01\/6.jpeg 1960w\" sizes=\"auto, (max-width: 150px) 100vw, 150px\" \/><\/a>\n\t\t\t<\/div><\/figure><figure class='gallery-item'>\n\t\t\t<div class='gallery-icon landscape'>\n\t\t\t\t<a href='https:\/\/helluland.is\/wp-content\/uploads\/2022\/01\/7.jpg'><img loading=\"lazy\" decoding=\"async\" width=\"150\" height=\"150\" src=\"https:\/\/helluland.is\/wp-content\/uploads\/2022\/01\/7-150x150.jpg\" class=\"attachment-thumbnail size-thumbnail\" alt=\"\" srcset=\"https:\/\/helluland.is\/wp-content\/uploads\/2022\/01\/7-150x150.jpg 150w, https:\/\/helluland.is\/wp-content\/uploads\/2022\/01\/7-300x300.jpg 300w, https:\/\/helluland.is\/wp-content\/uploads\/2022\/01\/7-1024x1024.jpg 1024w, https:\/\/helluland.is\/wp-content\/uploads\/2022\/01\/7-768x768.jpg 768w, https:\/\/helluland.is\/wp-content\/uploads\/2022\/01\/7-1536x1536.jpg 1536w, https:\/\/helluland.is\/wp-content\/uploads\/2022\/01\/7-1140x1140.jpg 1140w, https:\/\/helluland.is\/wp-content\/uploads\/2022\/01\/7-75x75.jpg 75w, https:\/\/helluland.is\/wp-content\/uploads\/2022\/01\/7.jpg 2048w\" sizes=\"auto, (max-width: 150px) 100vw, 150px\" \/><\/a>\n\t\t\t<\/div><\/figure><figure class='gallery-item'>\n\t\t\t<div class='gallery-icon portrait'>\n\t\t\t\t<a href='https:\/\/helluland.is\/wp-content\/uploads\/2022\/01\/14-rotated.jpg'><img loading=\"lazy\" decoding=\"async\" width=\"150\" height=\"150\" src=\"https:\/\/helluland.is\/wp-content\/uploads\/2022\/01\/14-150x150.jpg\" class=\"attachment-thumbnail size-thumbnail\" alt=\"\" srcset=\"https:\/\/helluland.is\/wp-content\/uploads\/2022\/01\/14-150x150.jpg 150w, https:\/\/helluland.is\/wp-content\/uploads\/2022\/01\/14-300x300.jpg 300w, https:\/\/helluland.is\/wp-content\/uploads\/2022\/01\/14-75x75.jpg 75w\" sizes=\"auto, (max-width: 150px) 100vw, 150px\" \/><\/a>\n\t\t\t<\/div><\/figure><figure class='gallery-item'>\n\t\t\t<div class='gallery-icon landscape'>\n\t\t\t\t<a href='https:\/\/helluland.is\/wp-content\/uploads\/2022\/01\/46.jpg'><img loading=\"lazy\" decoding=\"async\" width=\"150\" height=\"150\" src=\"https:\/\/helluland.is\/wp-content\/uploads\/2022\/01\/46-150x150.jpg\" class=\"attachment-thumbnail size-thumbnail\" alt=\"\" srcset=\"https:\/\/helluland.is\/wp-content\/uploads\/2022\/01\/46-150x150.jpg 150w, https:\/\/helluland.is\/wp-content\/uploads\/2022\/01\/46-300x300.jpg 300w, https:\/\/helluland.is\/wp-content\/uploads\/2022\/01\/46-75x75.jpg 75w\" sizes=\"auto, (max-width: 150px) 100vw, 150px\" \/><\/a>\n\t\t\t<\/div><\/figure><figure class='gallery-item'>\n\t\t\t<div class='gallery-icon landscape'>\n\t\t\t\t<a href='https:\/\/helluland.is\/wp-content\/uploads\/2022\/01\/47.jpg'><img loading=\"lazy\" decoding=\"async\" width=\"150\" height=\"150\" src=\"https:\/\/helluland.is\/wp-content\/uploads\/2022\/01\/47-150x150.jpg\" class=\"attachment-thumbnail size-thumbnail\" alt=\"\" srcset=\"https:\/\/helluland.is\/wp-content\/uploads\/2022\/01\/47-150x150.jpg 150w, https:\/\/helluland.is\/wp-content\/uploads\/2022\/01\/47-300x300.jpg 300w, https:\/\/helluland.is\/wp-content\/uploads\/2022\/01\/47-75x75.jpg 75w\" sizes=\"auto, (max-width: 150px) 100vw, 150px\" \/><\/a>\n\t\t\t<\/div><\/figure>\n\t\t<\/div>\n\n","protected":false},"excerpt":{"rendered":"<p>Skagafjord is dedicated to the icelandic horse and you can find several well known studs here. In autumn the horses are collected down from the highland and the Laufsk\u00e1lar\u00e9tt is happening, maybe the largest horse roundup in Iceland. A once in a lifetime experience and worth to visit! So come and meet the unique icelandic horse. At Helluland or neighbors Luka and Andr\u00e9s at icelandhorsetours offer horse tours for everyone, no matter if beginner or expert, a 1-hour-tour or a multi-day-ride. Apart from horses there are lots of other things to do. Learn about the icelandic history or the fragile arctic nature, have a nice cup of coffee in one of our caf\u00e9s or taste icelandic pastries, go fishing, soak in a hot pot or visit the wonderful swimmingpool of Hofs\u00f3s, just to mention a few things. During wintertime the ski area of Tindast\u00f3ll invites you to visit or book a cross country ski tour in the mountains of Tr\u00f6llaskagi.<\/p>\n","protected":false},"author":1,"featured_media":128,"parent":0,"menu_order":0,"comment_status":"closed","ping_status":"closed","template":"","meta":{"pgc_sgb_lightbox_settings":"","footnotes":""},"class_list":["post-71","page","type-page","status-publish","has-post-thumbnail","hentry"],"_links":{"self":[{"href":"https:\/\/helluland.is\/index.php?rest_route=\/wp\/v2\/pages\/71","targetHints":{"allow":["GET"]}}],"collection":[{"href":"https:\/\/helluland.is\/index.php?rest_route=\/wp\/v2\/pages"}],"about":[{"href":"https:\/\/helluland.is\/index.php?rest_route=\/wp\/v2\/types\/page"}],"author":[{"embeddable":true,"href":"https:\/\/helluland.is\/index.php?rest_route=\/wp\/v2\/users\/1"}],"replies":[{"embeddable":true,"href":"https:\/\/helluland.is\/index.php?rest_route=%2Fwp%2Fv2%2Fcomments&post=71"}],"version-history":[{"count":12,"href":"https:\/\/helluland.is\/index.php?rest_route=\/wp\/v2\/pages\/71\/revisions"}],"predecessor-version":[{"id":316,"href":"https:\/\/helluland.is\/index.php?rest_route=\/wp\/v2\/pages\/71\/revisions\/316"}],"wp:featuredmedia":[{"embeddable":true,"href":"https:\/\/helluland.is\/index.php?rest_route=\/wp\/v2\/media\/128"}],"wp:attachment":[{"href":"https:\/\/helluland.is\/index.php?rest_route=%2Fwp%2Fv2%2Fmedia&parent=71"}],"curies":[{"name":"wp","href":"https:\/\/api.w.org\/{rel}","templated":true}]}}