{"id":8,"date":"2021-11-14T17:14:14","date_gmt":"2021-11-14T17:14:14","guid":{"rendered":"https:\/\/helluland-guesthouse.is\/?page_id=8"},"modified":"2026-02-03T11:46:31","modified_gmt":"2026-02-03T11:46:31","slug":"startseite","status":"publish","type":"page","link":"https:\/\/helluland.is\/","title":{"rendered":""},"content":{"rendered":"<p>Welcome to our little guesthouse in Skagafjord!<\/p>\r\n<p>Helluland is a historic farm in the heart of Skagafj\u00f6rdur, close to the town Sau\u00f0\u00e1rkr\u00f3kur.<\/p>\r\n<p>This beautiful farm is more than 100 years old\u00a0 and supposed to be one of the first houses built out of concrete here in the area. For decades it was used as home for the families living\u00a0 and working here as farmers.<\/p>\r\n<p>In 2016 it was turned into a guesthouse and since then carefully renovated.<\/p>\r\n<p>Our guesthouse offers 5 well equipped rooms and is suitable for couples, families or groups up to 10 persons.<\/p>\r\n<p>We are open all year long and every season is worth a visit.<\/p>\r\n<p>Enjoy the beautiful landscape, and the breathtaking view, go for a hike on our land or try fishing, meet the horses and go on a riding tour to the black beaches of Sau\u00f0\u00e1rkr\u00f3kur or have a nice skiing trip during winter.<\/p>\r\n<p>We hope you\u2019ll enjoy your stay. If you have any questions just contact us, we are happy to help you.<br \/><br \/><\/p>\r\n<p><img loading=\"lazy\" decoding=\"async\" class=\"aligncenter wp-image-147 size-full\" src=\"https:\/\/helluland-guesthouse.is\/wp-content\/uploads\/2022\/01\/28.jpg\" alt=\"\" width=\"2508\" height=\"1672\" srcset=\"https:\/\/helluland.is\/wp-content\/uploads\/2022\/01\/28.jpg 2508w, https:\/\/helluland.is\/wp-content\/uploads\/2022\/01\/28-300x200.jpg 300w, https:\/\/helluland.is\/wp-content\/uploads\/2022\/01\/28-1024x683.jpg 1024w, https:\/\/helluland.is\/wp-content\/uploads\/2022\/01\/28-768x512.jpg 768w, https:\/\/helluland.is\/wp-content\/uploads\/2022\/01\/28-1536x1024.jpg 1536w, https:\/\/helluland.is\/wp-content\/uploads\/2022\/01\/28-1140x760.jpg 1140w\" sizes=\"auto, (max-width: 2508px) 100vw, 2508px\" \/> \u00a0 \u00a0 \u00a0 \u00a0\u00a0\u00a0\u00a0\u00a0\u00a0 \u00a0\u00a0\u00a0 \u00a0\u00a0\u00a0\u00a0\u00a0\u00a0\u00a0\u00a0\u00a0\u00a0\u00a0\u00a0\u00a0\u00a0\u00a0\u00a0 \u00a0 \u00a0 \u00a0 \u00a0 \u00a0 \u00a0\u00a0\u00a0<\/p>\r\n<p style=\"text-align: right;\">\u00a0\u00a0\u00a0\u00a0<\/p>\r\n","protected":false},"excerpt":{"rendered":"<p>Welcome to our little guesthouse in Skagafjord! Helluland is a historic farm in the heart of Skagafj\u00f6rdur, close to the town Sau\u00f0\u00e1rkr\u00f3kur. This beautiful farm is more than 100 years old\u00a0 and supposed to be one of the first houses built out of concrete here in the area. For decades it was used as home for the families living\u00a0 and working here as farmers. In 2016 it was turned into a guesthouse and since then carefully renovated. Our guesthouse offers 5 well equipped rooms and is suitable for couples, families or groups up to 10 persons. We are open all year long and every season is worth a visit. Enjoy the beautiful landscape, and the breathtaking view, go for a hike on our land or try fishing, meet the horses and go on a riding tour to the black beaches of Sau\u00f0\u00e1rkr\u00f3kur or have a nice skiing trip during winter. We hope you\u2019ll enjoy your stay. If you have any questions just contact us, we are happy to help you. \u00a0 \u00a0 \u00a0 \u00a0\u00a0\u00a0\u00a0\u00a0\u00a0 \u00a0\u00a0\u00a0 \u00a0\u00a0\u00a0\u00a0\u00a0\u00a0\u00a0\u00a0\u00a0\u00a0\u00a0\u00a0\u00a0\u00a0\u00a0\u00a0 \u00a0 \u00a0 \u00a0 \u00a0 \u00a0 \u00a0\u00a0\u00a0 \u00a0\u00a0\u00a0\u00a0<\/p>\n","protected":false},"author":1,"featured_media":0,"parent":0,"menu_order":0,"comment_status":"closed","ping_status":"closed","template":"","meta":{"pgc_sgb_lightbox_settings":"","footnotes":""},"class_list":["post-8","page","type-page","status-publish","hentry"],"_links":{"self":[{"href":"https:\/\/helluland.is\/index.php?rest_route=\/wp\/v2\/pages\/8","targetHints":{"allow":["GET"]}}],"collection":[{"href":"https:\/\/helluland.is\/index.php?rest_route=\/wp\/v2\/pages"}],"about":[{"href":"https:\/\/helluland.is\/index.php?rest_route=\/wp\/v2\/types\/page"}],"author":[{"embeddable":true,"href":"https:\/\/helluland.is\/index.php?rest_route=\/wp\/v2\/users\/1"}],"replies":[{"embeddable":true,"href":"https:\/\/helluland.is\/index.php?rest_route=%2Fwp%2Fv2%2Fcomments&post=8"}],"version-history":[{"count":14,"href":"https:\/\/helluland.is\/index.php?rest_route=\/wp\/v2\/pages\/8\/revisions"}],"predecessor-version":[{"id":349,"href":"https:\/\/helluland.is\/index.php?rest_route=\/wp\/v2\/pages\/8\/revisions\/349"}],"wp:attachment":[{"href":"https:\/\/helluland.is\/index.php?rest_route=%2Fwp%2Fv2%2Fmedia&parent=8"}],"curies":[{"name":"wp","href":"https:\/\/api.w.org\/{rel}","templated":true}]}}